{"id":1320,"date":"2021-12-05T21:47:27","date_gmt":"2021-12-05T21:47:27","guid":{"rendered":"https:\/\/civilcare.se\/?page_id=1320"},"modified":"2021-12-19T13:33:48","modified_gmt":"2021-12-19T13:33:48","slug":"presentkort","status":"publish","type":"page","link":"https:\/\/civilcare.se\/en\/presentkort\/","title":{"rendered":"gift cards"},"content":{"rendered":"<div data-elementor-type=\"wp-page\" data-elementor-id=\"1320\" class=\"elementor elementor-1320\" data-elementor-post-type=\"page\">\n\t\t\t\t\t\t<section class=\"elementor-section elementor-top-section elementor-element elementor-element-aa6a86b elementor-section-boxed elementor-section-height-default elementor-section-height-default\" data-id=\"aa6a86b\" data-element_type=\"section\" data-settings=\"{&quot;background_background&quot;:&quot;classic&quot;}\">\n\t\t\t\t\t\t<div class=\"elementor-container elementor-column-gap-default\">\n\t\t\t\t\t<div class=\"elementor-column elementor-col-100 elementor-top-column elementor-element elementor-element-15eb28e\" data-id=\"15eb28e\" data-element_type=\"column\">\n\t\t\t<div class=\"elementor-widget-wrap elementor-element-populated\">\n\t\t\t\t\t\t<section class=\"elementor-section elementor-inner-section elementor-element elementor-element-1169b15 elementor-section-boxed elementor-section-height-default elementor-section-height-default\" data-id=\"1169b15\" data-element_type=\"section\">\n\t\t\t\t\t\t<div class=\"elementor-container elementor-column-gap-default\">\n\t\t\t\t\t<div class=\"elementor-column elementor-col-100 elementor-inner-column elementor-element elementor-element-ff76b7f\" data-id=\"ff76b7f\" data-element_type=\"column\">\n\t\t\t<div class=\"elementor-widget-wrap elementor-element-populated\">\n\t\t\t\t\t\t<div class=\"elementor-element elementor-element-84c05ca elementor-widget elementor-widget-heading\" data-id=\"84c05ca\" data-element_type=\"widget\" data-widget_type=\"heading.default\">\n\t\t\t\t<div class=\"elementor-widget-container\">\n\t\t\t<h2 class=\"elementor-heading-title elementor-size-default\">Give time to loved ones - buy a gift card <\/h2>\t\t<\/div>\n\t\t\t\t<\/div>\n\t\t\t\t<div class=\"elementor-element elementor-element-c659ba4 elementor-widget elementor-widget-text-editor\" data-id=\"c659ba4\" data-element_type=\"widget\" data-widget_type=\"text-editor.default\">\n\t\t\t\t<div class=\"elementor-widget-container\">\n\t\t\t\t\t\t\t<p>Our gift card can be used for all our Rut services.<\/p><p>Civil Care offers Rut services according to the customer&#039;s wishes \u2013 cleaning, window cleaning, light gardening, accompanying care and entertainment, grocery shopping, a ride on an electric bike or anything else that can spread joy and make everyday life easier.<\/p><p>The gift card is digital and is approved by the Swedish Tax Agency.<\/p><p>You buy it easily by filling in the information below*.<\/p><p>The amount you choose can double the value of the purchase of services if the recipient has the opportunity to use Rut deductions.<\/p><p>Do you want a physical gift card? <a href=\"#fysiskt-presentkort\">Click here and read more.<\/a><\/p>\t\t\t\t\t\t<\/div>\n\t\t\t\t<\/div>\n\t\t\t\t<div class=\"elementor-element elementor-element-eec26bf elementor-widget elementor-widget-text-editor\" data-id=\"eec26bf\" data-element_type=\"widget\" data-widget_type=\"text-editor.default\">\n\t\t\t\t<div class=\"elementor-widget-container\">\n\t\t\t\t\t\t\t*The gift card is valid for 12 months from order. \t\t\t\t\t\t<\/div>\n\t\t\t\t<\/div>\n\t\t\t\t<div class=\"elementor-element elementor-element-7185f90 elementor-widget elementor-widget-html\" data-id=\"7185f90\" data-element_type=\"widget\" data-widget_type=\"html.default\">\n\t\t\t\t<div class=\"elementor-widget-container\">\n\t\t\t<spk-plugin><\/spk-plugin>\t\t<\/div>\n\t\t\t\t<\/div>\n\t\t\t\t<div class=\"elementor-element elementor-element-57e67a6 elementor-widget elementor-widget-menu-anchor\" data-id=\"57e67a6\" data-element_type=\"widget\" data-widget_type=\"menu-anchor.default\">\n\t\t\t\t<div class=\"elementor-widget-container\">\n\t\t\t\t\t<div class=\"elementor-menu-anchor\" id=\"fysiskt-presentkort\"><\/div>\n\t\t\t\t<\/div>\n\t\t\t\t<\/div>\n\t\t\t\t<div class=\"elementor-element elementor-element-8687a16 elementor-widget elementor-widget-heading\" data-id=\"8687a16\" data-element_type=\"widget\" data-widget_type=\"heading.default\">\n\t\t\t\t<div class=\"elementor-widget-container\">\n\t\t\t<h2 class=\"elementor-heading-title elementor-size-default\">Do you want a physical gift card to give away?  <\/h2>\t\t<\/div>\n\t\t\t\t<\/div>\n\t\t\t\t<div class=\"elementor-element elementor-element-663653e elementor-widget elementor-widget-text-editor\" data-id=\"663653e\" data-element_type=\"widget\" data-widget_type=\"text-editor.default\">\n\t\t\t\t<div class=\"elementor-widget-container\">\n\t\t\t\t\t\t\t<p>Fill in your name and address in the form and it will arrive in the mail.<\/p>\t\t\t\t\t\t<\/div>\n\t\t\t\t<\/div>\n\t\t\t\t<div class=\"elementor-element elementor-element-0e9ff6a elementor-button-align-start elementor-widget elementor-widget-form\" data-id=\"0e9ff6a\" data-element_type=\"widget\" data-settings=\"{&quot;step_next_label&quot;:&quot;Next&quot;,&quot;step_previous_label&quot;:&quot;Previous&quot;,&quot;button_width&quot;:&quot;100&quot;,&quot;step_type&quot;:&quot;number_text&quot;,&quot;step_icon_shape&quot;:&quot;circle&quot;}\" data-widget_type=\"form.default\">\n\t\t\t\t<div class=\"elementor-widget-container\">\n\t\t\t\t\t<form class=\"elementor-form\" method=\"post\" name=\"Skicka presentkort\" action=\"\">\n\t\t\t<input type=\"hidden\" name=\"post_id\" value=\"1320\"\/>\n\t\t\t<input type=\"hidden\" name=\"form_id\" value=\"0e9ff6a\"\/>\n\t\t\t<input type=\"hidden\" name=\"referer_title\" value=\"Civil Care\" \/>\n\n\t\t\t\n\t\t\t<div class=\"elementor-form-fields-wrapper elementor-labels-\">\n\t\t\t\t\t\t\t\t<div class=\"elementor-field-type-text elementor-field-group elementor-column elementor-field-group-name elementor-col-100 elementor-field-required\">\n\t\t\t\t\t\t\t\t\t\t\t\t<label for=\"form-field-name\" class=\"elementor-field-label elementor-screen-only\">\n\t\t\t\t\t\t\t\tName\t\t\t\t\t\t\t<\/label>\n\t\t\t\t\t\t\t\t\t\t\t\t\t\t<input size=\"1\" type=\"text\" name=\"form_fields[name]\" id=\"form-field-name\" class=\"elementor-field elementor-size-lg  elementor-field-textual\" placeholder=\"Name\" required=\"required\" aria-required=\"true\">\n\t\t\t\t\t\t\t\t\t\t\t<\/div>\n\t\t\t\t\t\t\t\t<div class=\"elementor-field-type-email elementor-field-group elementor-column elementor-field-group-email elementor-col-100 elementor-field-required\">\n\t\t\t\t\t\t\t\t\t\t\t\t<label for=\"form-field-email\" class=\"elementor-field-label elementor-screen-only\">\n\t\t\t\t\t\t\t\tE-mail\t\t\t\t\t\t\t<\/label>\n\t\t\t\t\t\t\t\t\t\t\t\t\t\t<input size=\"1\" type=\"email\" name=\"form_fields[email]\" id=\"form-field-email\" class=\"elementor-field elementor-size-lg  elementor-field-textual\" placeholder=\"E-mail\" required=\"required\" aria-required=\"true\">\n\t\t\t\t\t\t\t\t\t\t\t<\/div>\n\t\t\t\t\t\t\t\t<div class=\"elementor-field-type-text elementor-field-group elementor-column elementor-field-group-field_f851a73 elementor-col-100 elementor-field-required\">\n\t\t\t\t\t\t\t\t\t\t\t\t<label for=\"form-field-field_f851a73\" class=\"elementor-field-label elementor-screen-only\">\n\t\t\t\t\t\t\t\tAddress\t\t\t\t\t\t\t<\/label>\n\t\t\t\t\t\t\t\t\t\t\t\t\t\t<input size=\"1\" type=\"text\" name=\"form_fields[field_f851a73]\" id=\"form-field-field_f851a73\" class=\"elementor-field elementor-size-lg  elementor-field-textual\" placeholder=\"Address\" required=\"required\" aria-required=\"true\">\n\t\t\t\t\t\t\t\t\t\t\t<\/div>\n\t\t\t\t\t\t\t\t<div class=\"elementor-field-type-text elementor-field-group elementor-column elementor-field-group-field_6464312 elementor-col-50 elementor-field-required\">\n\t\t\t\t\t\t\t\t\t\t\t\t<label for=\"form-field-field_6464312\" class=\"elementor-field-label elementor-screen-only\">\n\t\t\t\t\t\t\t\tPosthumous\t\t\t\t\t\t\t<\/label>\n\t\t\t\t\t\t\t\t\t\t\t\t\t\t<input size=\"1\" type=\"text\" name=\"form_fields[field_6464312]\" id=\"form-field-field_6464312\" class=\"elementor-field elementor-size-lg  elementor-field-textual\" placeholder=\"ZIP code\" required=\"required\" aria-required=\"true\">\n\t\t\t\t\t\t\t\t\t\t\t<\/div>\n\t\t\t\t\t\t\t\t<div class=\"elementor-field-type-text elementor-field-group elementor-column elementor-field-group-field_59d3998 elementor-col-50 elementor-field-required\">\n\t\t\t\t\t\t\t\t\t\t\t\t<label for=\"form-field-field_59d3998\" class=\"elementor-field-label elementor-screen-only\">\n\t\t\t\t\t\t\t\tPlace\t\t\t\t\t\t\t<\/label>\n\t\t\t\t\t\t\t\t\t\t\t\t\t\t<input size=\"1\" type=\"text\" name=\"form_fields[field_59d3998]\" id=\"form-field-field_59d3998\" class=\"elementor-field elementor-size-lg  elementor-field-textual\" placeholder=\"Place\" required=\"required\" aria-required=\"true\">\n\t\t\t\t\t\t\t\t\t\t\t<\/div>\n\t\t\t\t\t\t\t\t<div class=\"elementor-field-group elementor-column elementor-field-type-submit elementor-col-100 e-form__buttons\">\n\t\t\t\t\t<button class=\"elementor-button elementor-size-md\" type=\"submit\">\n\t\t\t\t\t\t<span class=\"elementor-button-content-wrapper\">\n\t\t\t\t\t\t\t\t\t\t\t\t\t\t\t\t\t\t\t\t\t\t<span class=\"elementor-button-text\">Send<\/span>\n\t\t\t\t\t\t\t\t\t\t\t\t\t<\/span>\n\t\t\t\t\t<\/button>\n\t\t\t\t<\/div>\n\t\t\t<\/div>\n\t\t<input type=\"hidden\" name=\"trp-form-language\" value=\"en\"\/><\/form>\n\t\t\t\t<\/div>\n\t\t\t\t<\/div>\n\t\t\t\t\t<\/div>\n\t\t<\/div>\n\t\t\t\t\t<\/div>\n\t\t<\/section>\n\t\t\t\t\t<\/div>\n\t\t<\/div>\n\t\t\t\t\t<\/div>\n\t\t<\/section>\n\t\t\t\t<\/div>","protected":false},"excerpt":{"rendered":"<p>Give time to loved ones - buy a gift card Our gift card can be used for all our Rut services. Civil Care [\u2026]<\/p>","protected":false},"author":1,"featured_media":0,"parent":0,"menu_order":0,"comment_status":"closed","ping_status":"closed","template":"","meta":{"site-sidebar-layout":"no-sidebar","site-content-layout":"page-builder","ast-site-content-layout":"","site-content-style":"default","site-sidebar-style":"default","ast-global-header-display":"","ast-banner-title-visibility":"","ast-main-header-display":"","ast-hfb-above-header-display":"","ast-hfb-below-header-display":"","ast-hfb-mobile-header-display":"","site-post-title":"disabled","ast-breadcrumbs-content":"","ast-featured-img":"disabled","footer-sml-layout":"","theme-transparent-header-meta":"default","adv-header-id-meta":"","stick-header-meta":"default","header-above-stick-meta":"","header-main-stick-meta":"","header-below-stick-meta":"","astra-migrate-meta-layouts":"default","ast-page-background-enabled":"default","ast-page-background-meta":{"desktop":{"background-color":"","background-image":"","background-repeat":"repeat","background-position":"center center","background-size":"auto","background-attachment":"scroll","background-type":"","background-media":"","overlay-type":"","overlay-color":"","overlay-opacity":"","overlay-gradient":""},"tablet":{"background-color":"","background-image":"","background-repeat":"repeat","background-position":"center center","background-size":"auto","background-attachment":"scroll","background-type":"","background-media":"","overlay-type":"","overlay-color":"","overlay-opacity":"","overlay-gradient":""},"mobile":{"background-color":"","background-image":"","background-repeat":"repeat","background-position":"center center","background-size":"auto","background-attachment":"scroll","background-type":"","background-media":"","overlay-type":"","overlay-color":"","overlay-opacity":"","overlay-gradient":""}},"ast-content-background-meta":{"desktop":{"background-color":"var(--ast-global-color-5)","background-image":"","background-repeat":"repeat","background-position":"center center","background-size":"auto","background-attachment":"scroll","background-type":"","background-media":"","overlay-type":"","overlay-color":"","overlay-opacity":"","overlay-gradient":""},"tablet":{"background-color":"var(--ast-global-color-5)","background-image":"","background-repeat":"repeat","background-position":"center center","background-size":"auto","background-attachment":"scroll","background-type":"","background-media":"","overlay-type":"","overlay-color":"","overlay-opacity":"","overlay-gradient":""},"mobile":{"background-color":"var(--ast-global-color-5)","background-image":"","background-repeat":"repeat","background-position":"center center","background-size":"auto","background-attachment":"scroll","background-type":"","background-media":"","overlay-type":"","overlay-color":"","overlay-opacity":"","overlay-gradient":""}},"footnotes":""},"class_list":["post-1320","page","type-page","status-publish","hentry"],"yoast_head":"<!-- This site is optimized with the Yoast SEO plugin v23.5 - https:\/\/yoast.com\/wordpress\/plugins\/seo\/ -->\n<title>presentkort - Civil Care<\/title>\n<meta name=\"robots\" content=\"index, follow, max-snippet:-1, max-image-preview:large, max-video-preview:-1\" \/>\n<link rel=\"canonical\" href=\"https:\/\/civilcare.se\/en\/presentkort\/\" \/>\n<meta property=\"og:locale\" content=\"en_GB\" \/>\n<meta property=\"og:type\" content=\"article\" \/>\n<meta property=\"og:title\" content=\"presentkort - Civil Care\" \/>\n<meta property=\"og:description\" content=\"Ge tid till n\u00e4ra och k\u00e4ra &#8211; k\u00f6p ett presentkort V\u00e5rt presentkort kan anv\u00e4ndas till alla v\u00e5ra Rut-tj\u00e4nster. Civil Care [&hellip;]\" \/>\n<meta property=\"og:url\" content=\"https:\/\/civilcare.se\/en\/presentkort\/\" \/>\n<meta property=\"og:site_name\" content=\"Civil Care\" \/>\n<meta property=\"article:modified_time\" content=\"2021-12-19T13:33:48+00:00\" \/>\n<meta name=\"twitter:card\" content=\"summary_large_image\" \/>\n<meta name=\"twitter:label1\" content=\"Estimated reading time\" \/>\n\t<meta name=\"twitter:data1\" content=\"1 minute\" \/>\n<script type=\"application\/ld+json\" class=\"yoast-schema-graph\">{\"@context\":\"https:\/\/schema.org\",\"@graph\":[{\"@type\":\"WebPage\",\"@id\":\"https:\/\/civilcare.se\/presentkort\/\",\"url\":\"https:\/\/civilcare.se\/presentkort\/\",\"name\":\"presentkort - Civil Care\",\"isPartOf\":{\"@id\":\"https:\/\/civilcare.se\/#website\"},\"datePublished\":\"2021-12-05T21:47:27+00:00\",\"dateModified\":\"2021-12-19T13:33:48+00:00\",\"breadcrumb\":{\"@id\":\"https:\/\/civilcare.se\/presentkort\/#breadcrumb\"},\"inLanguage\":\"en-GB\",\"potentialAction\":[{\"@type\":\"ReadAction\",\"target\":[\"https:\/\/civilcare.se\/presentkort\/\"]}]},{\"@type\":\"BreadcrumbList\",\"@id\":\"https:\/\/civilcare.se\/presentkort\/#breadcrumb\",\"itemListElement\":[{\"@type\":\"ListItem\",\"position\":1,\"name\":\"Hem\",\"item\":\"https:\/\/civilcare.se\/\"},{\"@type\":\"ListItem\",\"position\":2,\"name\":\"presentkort\"}]},{\"@type\":\"WebSite\",\"@id\":\"https:\/\/civilcare.se\/#website\",\"url\":\"https:\/\/civilcare.se\/\",\"name\":\"Civil Care\",\"description\":\"V\u00e5r hemtj\u00e4nst - Din trygghet\",\"publisher\":{\"@id\":\"https:\/\/civilcare.se\/#organization\"},\"potentialAction\":[{\"@type\":\"SearchAction\",\"target\":{\"@type\":\"EntryPoint\",\"urlTemplate\":\"https:\/\/civilcare.se\/?s={search_term_string}\"},\"query-input\":{\"@type\":\"PropertyValueSpecification\",\"valueRequired\":true,\"valueName\":\"search_term_string\"}}],\"inLanguage\":\"en-GB\"},{\"@type\":\"Organization\",\"@id\":\"https:\/\/civilcare.se\/#organization\",\"name\":\"Civil Care\",\"url\":\"https:\/\/civilcare.se\/\",\"logo\":{\"@type\":\"ImageObject\",\"inLanguage\":\"en-GB\",\"@id\":\"https:\/\/civilcare.se\/#\/schema\/logo\/image\/\",\"url\":\"https:\/\/civilcare.se\/wp-content\/uploads\/2021\/06\/civilcare_logo_no_text.png\",\"contentUrl\":\"https:\/\/civilcare.se\/wp-content\/uploads\/2021\/06\/civilcare_logo_no_text.png\",\"width\":558,\"height\":116,\"caption\":\"Civil Care\"},\"image\":{\"@id\":\"https:\/\/civilcare.se\/#\/schema\/logo\/image\/\"}}]}<\/script>\n<!-- \/ Yoast SEO plugin. -->","yoast_head_json":{"title":"presentkort - Civil Care","robots":{"index":"index","follow":"follow","max-snippet":"max-snippet:-1","max-image-preview":"max-image-preview:large","max-video-preview":"max-video-preview:-1"},"canonical":"https:\/\/civilcare.se\/en\/presentkort\/","og_locale":"en_GB","og_type":"article","og_title":"presentkort - Civil Care","og_description":"Ge tid till n\u00e4ra och k\u00e4ra &#8211; k\u00f6p ett presentkort V\u00e5rt presentkort kan anv\u00e4ndas till alla v\u00e5ra Rut-tj\u00e4nster. Civil Care [&hellip;]","og_url":"https:\/\/civilcare.se\/en\/presentkort\/","og_site_name":"Civil Care","article_modified_time":"2021-12-19T13:33:48+00:00","twitter_card":"summary_large_image","twitter_misc":{"Estimated reading time":"1 minute"},"schema":{"@context":"https:\/\/schema.org","@graph":[{"@type":"WebPage","@id":"https:\/\/civilcare.se\/presentkort\/","url":"https:\/\/civilcare.se\/presentkort\/","name":"presentkort - Civil Care","isPartOf":{"@id":"https:\/\/civilcare.se\/#website"},"datePublished":"2021-12-05T21:47:27+00:00","dateModified":"2021-12-19T13:33:48+00:00","breadcrumb":{"@id":"https:\/\/civilcare.se\/presentkort\/#breadcrumb"},"inLanguage":"en-GB","potentialAction":[{"@type":"ReadAction","target":["https:\/\/civilcare.se\/presentkort\/"]}]},{"@type":"BreadcrumbList","@id":"https:\/\/civilcare.se\/presentkort\/#breadcrumb","itemListElement":[{"@type":"ListItem","position":1,"name":"Hem","item":"https:\/\/civilcare.se\/"},{"@type":"ListItem","position":2,"name":"presentkort"}]},{"@type":"WebSite","@id":"https:\/\/civilcare.se\/#website","url":"https:\/\/civilcare.se\/","name":"Civil Care","description":"V\u00e5r hemtj\u00e4nst - Din trygghet","publisher":{"@id":"https:\/\/civilcare.se\/#organization"},"potentialAction":[{"@type":"SearchAction","target":{"@type":"EntryPoint","urlTemplate":"https:\/\/civilcare.se\/?s={search_term_string}"},"query-input":{"@type":"PropertyValueSpecification","valueRequired":true,"valueName":"search_term_string"}}],"inLanguage":"en-GB"},{"@type":"Organization","@id":"https:\/\/civilcare.se\/#organization","name":"Civil Care","url":"https:\/\/civilcare.se\/","logo":{"@type":"ImageObject","inLanguage":"en-GB","@id":"https:\/\/civilcare.se\/#\/schema\/logo\/image\/","url":"https:\/\/civilcare.se\/wp-content\/uploads\/2021\/06\/civilcare_logo_no_text.png","contentUrl":"https:\/\/civilcare.se\/wp-content\/uploads\/2021\/06\/civilcare_logo_no_text.png","width":558,"height":116,"caption":"Civil Care"},"image":{"@id":"https:\/\/civilcare.se\/#\/schema\/logo\/image\/"}}]}},"_links":{"self":[{"href":"https:\/\/civilcare.se\/en\/wp-json\/wp\/v2\/pages\/1320","targetHints":{"allow":["GET"]}}],"collection":[{"href":"https:\/\/civilcare.se\/en\/wp-json\/wp\/v2\/pages"}],"about":[{"href":"https:\/\/civilcare.se\/en\/wp-json\/wp\/v2\/types\/page"}],"author":[{"embeddable":true,"href":"https:\/\/civilcare.se\/en\/wp-json\/wp\/v2\/users\/1"}],"replies":[{"embeddable":true,"href":"https:\/\/civilcare.se\/en\/wp-json\/wp\/v2\/comments?post=1320"}],"version-history":[{"count":13,"href":"https:\/\/civilcare.se\/en\/wp-json\/wp\/v2\/pages\/1320\/revisions"}],"predecessor-version":[{"id":1405,"href":"https:\/\/civilcare.se\/en\/wp-json\/wp\/v2\/pages\/1320\/revisions\/1405"}],"wp:attachment":[{"href":"https:\/\/civilcare.se\/en\/wp-json\/wp\/v2\/media?parent=1320"}],"curies":[{"name":"wp","href":"https:\/\/api.w.org\/{rel}","templated":true}]}}