{"id":1322,"date":"2021-12-05T21:48:11","date_gmt":"2021-12-05T21:48:11","guid":{"rendered":"https:\/\/civilcare.se\/?page_id=1322"},"modified":"2021-12-19T14:01:55","modified_gmt":"2021-12-19T14:01:55","slug":"presentkort-inlosen","status":"publish","type":"page","link":"https:\/\/civilcare.se\/en\/presentkort-inlosen\/","title":{"rendered":"gift card redemption"},"content":{"rendered":"<div data-elementor-type=\"wp-page\" data-elementor-id=\"1322\" class=\"elementor elementor-1322\" data-elementor-post-type=\"page\">\n\t\t\t\t\t\t<section class=\"elementor-section elementor-top-section elementor-element elementor-element-82c938f elementor-section-boxed elementor-section-height-default elementor-section-height-default\" data-id=\"82c938f\" data-element_type=\"section\" data-settings=\"{&quot;background_background&quot;:&quot;classic&quot;}\">\n\t\t\t\t\t\t<div class=\"elementor-container elementor-column-gap-default\">\n\t\t\t\t\t<div class=\"elementor-column elementor-col-100 elementor-top-column elementor-element elementor-element-54e73b1\" data-id=\"54e73b1\" data-element_type=\"column\">\n\t\t\t<div class=\"elementor-widget-wrap elementor-element-populated\">\n\t\t\t\t\t\t<section class=\"elementor-section elementor-inner-section elementor-element elementor-element-d65e980 elementor-section-boxed elementor-section-height-default elementor-section-height-default\" data-id=\"d65e980\" data-element_type=\"section\">\n\t\t\t\t\t\t<div class=\"elementor-container elementor-column-gap-default\">\n\t\t\t\t\t<div class=\"elementor-column elementor-col-50 elementor-inner-column elementor-element elementor-element-02447f0\" data-id=\"02447f0\" data-element_type=\"column\">\n\t\t\t<div class=\"elementor-widget-wrap elementor-element-populated\">\n\t\t\t\t\t\t<div class=\"elementor-element elementor-element-612c60d elementor-widget elementor-widget-heading\" data-id=\"612c60d\" data-element_type=\"widget\" data-widget_type=\"heading.default\">\n\t\t\t\t<div class=\"elementor-widget-container\">\n\t\t\t<h2 class=\"elementor-heading-title elementor-size-default\">Congratulations on your gift card - redeem it here<\/h2>\t\t<\/div>\n\t\t\t\t<\/div>\n\t\t\t\t<div class=\"elementor-element elementor-element-588c40a elementor-widget elementor-widget-text-editor\" data-id=\"588c40a\" data-element_type=\"widget\" data-widget_type=\"text-editor.default\">\n\t\t\t\t<div class=\"elementor-widget-container\">\n\t\t\t\t\t\t\t<p>We hope that our services have brought you joy and made your everyday life easier.<\/p><p>You redeem your gift card by filling in the form below.<\/p><p>Do you have questions or need help filling in your information? <br \/>Contact us at <a href=\"tel:090777733\">090 \u2013 77 77 33<\/a>.<\/p>\t\t\t\t\t\t<\/div>\n\t\t\t\t<\/div>\n\t\t\t\t\t<\/div>\n\t\t<\/div>\n\t\t\t\t<div class=\"elementor-column elementor-col-50 elementor-inner-column elementor-element elementor-element-1653fc6\" data-id=\"1653fc6\" data-element_type=\"column\" data-settings=\"{&quot;background_background&quot;:&quot;classic&quot;}\">\n\t\t\t<div class=\"elementor-widget-wrap elementor-element-populated\">\n\t\t\t\t\t\t<div class=\"elementor-element elementor-element-f82e887 elementor-widget elementor-widget-heading\" data-id=\"f82e887\" data-element_type=\"widget\" data-widget_type=\"heading.default\">\n\t\t\t\t<div class=\"elementor-widget-container\">\n\t\t\t<h3 class=\"elementor-heading-title elementor-size-default\">Redemption of your gift card<\/h3>\t\t<\/div>\n\t\t\t\t<\/div>\n\t\t\t\t<div class=\"elementor-element elementor-element-b0df4e6 elementor-icon-list--layout-traditional elementor-list-item-link-full_width elementor-widget elementor-widget-icon-list\" data-id=\"b0df4e6\" data-element_type=\"widget\" data-widget_type=\"icon-list.default\">\n\t\t\t\t<div class=\"elementor-widget-container\">\n\t\t\t\t\t<ul class=\"elementor-icon-list-items\">\n\t\t\t\t\t\t\t<li class=\"elementor-icon-list-item\">\n\t\t\t\t\t\t\t\t\t\t\t<span class=\"elementor-icon-list-icon\">\n\t\t\t\t\t\t\t<i aria-hidden=\"true\" class=\"fas fa-check\"><\/i>\t\t\t\t\t\t<\/span>\n\t\t\t\t\t\t\t\t\t\t<span class=\"elementor-icon-list-text\">The gift card is valid for 12 months from the date the gift card was issued.<\/span>\n\t\t\t\t\t\t\t\t\t<\/li>\n\t\t\t\t\t\t\t\t<li class=\"elementor-icon-list-item\">\n\t\t\t\t\t\t\t\t\t\t\t<span class=\"elementor-icon-list-icon\">\n\t\t\t\t\t\t\t<i aria-hidden=\"true\" class=\"fas fa-check\"><\/i>\t\t\t\t\t\t<\/span>\n\t\t\t\t\t\t\t\t\t\t<span class=\"elementor-icon-list-text\">Fill in the information below in each field. You can find all the information on your invoice and on your gift card.<\/span>\n\t\t\t\t\t\t\t\t\t<\/li>\n\t\t\t\t\t\t\t\t<li class=\"elementor-icon-list-item\">\n\t\t\t\t\t\t\t\t\t\t\t<span class=\"elementor-icon-list-icon\">\n\t\t\t\t\t\t\t<i aria-hidden=\"true\" class=\"fas fa-check\"><\/i>\t\t\t\t\t\t<\/span>\n\t\t\t\t\t\t\t\t\t\t<span class=\"elementor-icon-list-text\">When you press &quot;Redeem gift card&quot;, the invoice will be automatically paid with an automatic confirmation via email.<\/span>\n\t\t\t\t\t\t\t\t\t<\/li>\n\t\t\t\t\t\t\t\t<li class=\"elementor-icon-list-item\">\n\t\t\t\t\t\t\t\t\t\t\t<span class=\"elementor-icon-list-icon\">\n\t\t\t\t\t\t\t<i aria-hidden=\"true\" class=\"fas fa-check\"><\/i>\t\t\t\t\t\t<\/span>\n\t\t\t\t\t\t\t\t\t\t<span class=\"elementor-icon-list-text\">If you have a higher denomination on your gift card than what was invoiced, this calculation will appear directly on the page and a confirmation of credit will be sent via email.<\/span>\n\t\t\t\t\t\t\t\t\t<\/li>\n\t\t\t\t\t\t\t\t<li class=\"elementor-icon-list-item\">\n\t\t\t\t\t\t\t\t\t\t\t<span class=\"elementor-icon-list-icon\">\n\t\t\t\t\t\t\t<i aria-hidden=\"true\" class=\"fas fa-check\"><\/i>\t\t\t\t\t\t<\/span>\n\t\t\t\t\t\t\t\t\t\t<span class=\"elementor-icon-list-text\">If you have a lower denomination on your gift card than what was invoiced, this calculation will appear directly on the page and we ask you to pay the remaining amount by bank transfer.<\/span>\n\t\t\t\t\t\t\t\t\t<\/li>\n\t\t\t\t\t\t<\/ul>\n\t\t\t\t<\/div>\n\t\t\t\t<\/div>\n\t\t\t\t\t<\/div>\n\t\t<\/div>\n\t\t\t\t\t<\/div>\n\t\t<\/section>\n\t\t\t\t\t<\/div>\n\t\t<\/div>\n\t\t\t\t\t<\/div>\n\t\t<\/section>\n\t\t\t\t<section class=\"elementor-section elementor-top-section elementor-element elementor-element-6591fb0 elementor-section-boxed elementor-section-height-default elementor-section-height-default\" data-id=\"6591fb0\" data-element_type=\"section\" data-settings=\"{&quot;background_background&quot;:&quot;classic&quot;}\">\n\t\t\t\t\t\t<div class=\"elementor-container elementor-column-gap-default\">\n\t\t\t\t\t<div class=\"elementor-column elementor-col-100 elementor-top-column elementor-element elementor-element-3d6bb23\" data-id=\"3d6bb23\" data-element_type=\"column\">\n\t\t\t<div class=\"elementor-widget-wrap elementor-element-populated\">\n\t\t\t\t\t\t<section class=\"elementor-section elementor-inner-section elementor-element elementor-element-4258e83 elementor-section-boxed elementor-section-height-default elementor-section-height-default\" data-id=\"4258e83\" data-element_type=\"section\">\n\t\t\t\t\t\t<div class=\"elementor-container elementor-column-gap-default\">\n\t\t\t\t\t<div class=\"elementor-column elementor-col-100 elementor-inner-column elementor-element elementor-element-6946e62\" data-id=\"6946e62\" data-element_type=\"column\">\n\t\t\t<div class=\"elementor-widget-wrap elementor-element-populated\">\n\t\t\t\t\t\t<div class=\"elementor-element elementor-element-e0f5326 elementor-widget elementor-widget-html\" data-id=\"e0f5326\" data-element_type=\"widget\" data-widget_type=\"html.default\">\n\t\t\t\t<div class=\"elementor-widget-container\">\n\t\t\t<spk-plugin-activation><\/spk-plugin-activation>\t\t<\/div>\n\t\t\t\t<\/div>\n\t\t\t\t\t<\/div>\n\t\t<\/div>\n\t\t\t\t\t<\/div>\n\t\t<\/section>\n\t\t\t\t\t<\/div>\n\t\t<\/div>\n\t\t\t\t\t<\/div>\n\t\t<\/section>\n\t\t\t\t<\/div>","protected":false},"excerpt":{"rendered":"<p>Congratulations on your gift card - here&#039;s how to redeem it We hope our services have brought you joy and [\u2026]<\/p>","protected":false},"author":1,"featured_media":0,"parent":0,"menu_order":0,"comment_status":"closed","ping_status":"closed","template":"","meta":{"site-sidebar-layout":"no-sidebar","site-content-layout":"page-builder","ast-site-content-layout":"","site-content-style":"default","site-sidebar-style":"default","ast-global-header-display":"","ast-banner-title-visibility":"","ast-main-header-display":"","ast-hfb-above-header-display":"","ast-hfb-below-header-display":"","ast-hfb-mobile-header-display":"","site-post-title":"disabled","ast-breadcrumbs-content":"","ast-featured-img":"disabled","footer-sml-layout":"","theme-transparent-header-meta":"default","adv-header-id-meta":"","stick-header-meta":"default","header-above-stick-meta":"","header-main-stick-meta":"","header-below-stick-meta":"","astra-migrate-meta-layouts":"default","ast-page-background-enabled":"default","ast-page-background-meta":{"desktop":{"background-color":"","background-image":"","background-repeat":"repeat","background-position":"center center","background-size":"auto","background-attachment":"scroll","background-type":"","background-media":"","overlay-type":"","overlay-color":"","overlay-opacity":"","overlay-gradient":""},"tablet":{"background-color":"","background-image":"","background-repeat":"repeat","background-position":"center center","background-size":"auto","background-attachment":"scroll","background-type":"","background-media":"","overlay-type":"","overlay-color":"","overlay-opacity":"","overlay-gradient":""},"mobile":{"background-color":"","background-image":"","background-repeat":"repeat","background-position":"center center","background-size":"auto","background-attachment":"scroll","background-type":"","background-media":"","overlay-type":"","overlay-color":"","overlay-opacity":"","overlay-gradient":""}},"ast-content-background-meta":{"desktop":{"background-color":"var(--ast-global-color-5)","background-image":"","background-repeat":"repeat","background-position":"center center","background-size":"auto","background-attachment":"scroll","background-type":"","background-media":"","overlay-type":"","overlay-color":"","overlay-opacity":"","overlay-gradient":""},"tablet":{"background-color":"var(--ast-global-color-5)","background-image":"","background-repeat":"repeat","background-position":"center center","background-size":"auto","background-attachment":"scroll","background-type":"","background-media":"","overlay-type":"","overlay-color":"","overlay-opacity":"","overlay-gradient":""},"mobile":{"background-color":"var(--ast-global-color-5)","background-image":"","background-repeat":"repeat","background-position":"center center","background-size":"auto","background-attachment":"scroll","background-type":"","background-media":"","overlay-type":"","overlay-color":"","overlay-opacity":"","overlay-gradient":""}},"footnotes":""},"class_list":["post-1322","page","type-page","status-publish","hentry"],"yoast_head":"<!-- This site is optimized with the Yoast SEO plugin v23.5 - https:\/\/yoast.com\/wordpress\/plugins\/seo\/ -->\n<title>presentkort inl\u00f6sen - Civil Care<\/title>\n<meta name=\"robots\" content=\"index, follow, max-snippet:-1, max-image-preview:large, max-video-preview:-1\" \/>\n<link rel=\"canonical\" href=\"https:\/\/civilcare.se\/en\/presentkort-inlosen\/\" \/>\n<meta property=\"og:locale\" content=\"en_GB\" \/>\n<meta property=\"og:type\" content=\"article\" \/>\n<meta property=\"og:title\" content=\"presentkort inl\u00f6sen - Civil Care\" \/>\n<meta property=\"og:description\" content=\"Grattis till ditt presentkort &#8211; h\u00e4r l\u00f6ser du in det Vi hoppas att v\u00e5ra tj\u00e4nster har gett dig gl\u00e4dje och [&hellip;]\" \/>\n<meta property=\"og:url\" content=\"https:\/\/civilcare.se\/en\/presentkort-inlosen\/\" \/>\n<meta property=\"og:site_name\" content=\"Civil Care\" \/>\n<meta property=\"article:modified_time\" content=\"2021-12-19T14:01:55+00:00\" \/>\n<meta name=\"twitter:card\" content=\"summary_large_image\" \/>\n<meta name=\"twitter:label1\" content=\"Estimated reading time\" \/>\n\t<meta name=\"twitter:data1\" content=\"1 minute\" \/>\n<script type=\"application\/ld+json\" class=\"yoast-schema-graph\">{\"@context\":\"https:\/\/schema.org\",\"@graph\":[{\"@type\":\"WebPage\",\"@id\":\"https:\/\/civilcare.se\/presentkort-inlosen\/\",\"url\":\"https:\/\/civilcare.se\/presentkort-inlosen\/\",\"name\":\"presentkort inl\u00f6sen - Civil Care\",\"isPartOf\":{\"@id\":\"https:\/\/civilcare.se\/#website\"},\"datePublished\":\"2021-12-05T21:48:11+00:00\",\"dateModified\":\"2021-12-19T14:01:55+00:00\",\"breadcrumb\":{\"@id\":\"https:\/\/civilcare.se\/presentkort-inlosen\/#breadcrumb\"},\"inLanguage\":\"en-GB\",\"potentialAction\":[{\"@type\":\"ReadAction\",\"target\":[\"https:\/\/civilcare.se\/presentkort-inlosen\/\"]}]},{\"@type\":\"BreadcrumbList\",\"@id\":\"https:\/\/civilcare.se\/presentkort-inlosen\/#breadcrumb\",\"itemListElement\":[{\"@type\":\"ListItem\",\"position\":1,\"name\":\"Hem\",\"item\":\"https:\/\/civilcare.se\/\"},{\"@type\":\"ListItem\",\"position\":2,\"name\":\"presentkort inl\u00f6sen\"}]},{\"@type\":\"WebSite\",\"@id\":\"https:\/\/civilcare.se\/#website\",\"url\":\"https:\/\/civilcare.se\/\",\"name\":\"Civil Care\",\"description\":\"V\u00e5r hemtj\u00e4nst - Din trygghet\",\"publisher\":{\"@id\":\"https:\/\/civilcare.se\/#organization\"},\"potentialAction\":[{\"@type\":\"SearchAction\",\"target\":{\"@type\":\"EntryPoint\",\"urlTemplate\":\"https:\/\/civilcare.se\/?s={search_term_string}\"},\"query-input\":{\"@type\":\"PropertyValueSpecification\",\"valueRequired\":true,\"valueName\":\"search_term_string\"}}],\"inLanguage\":\"en-GB\"},{\"@type\":\"Organization\",\"@id\":\"https:\/\/civilcare.se\/#organization\",\"name\":\"Civil Care\",\"url\":\"https:\/\/civilcare.se\/\",\"logo\":{\"@type\":\"ImageObject\",\"inLanguage\":\"en-GB\",\"@id\":\"https:\/\/civilcare.se\/#\/schema\/logo\/image\/\",\"url\":\"https:\/\/civilcare.se\/wp-content\/uploads\/2021\/06\/civilcare_logo_no_text.png\",\"contentUrl\":\"https:\/\/civilcare.se\/wp-content\/uploads\/2021\/06\/civilcare_logo_no_text.png\",\"width\":558,\"height\":116,\"caption\":\"Civil Care\"},\"image\":{\"@id\":\"https:\/\/civilcare.se\/#\/schema\/logo\/image\/\"}}]}<\/script>\n<!-- \/ Yoast SEO plugin. -->","yoast_head_json":{"title":"presentkort inl\u00f6sen - Civil Care","robots":{"index":"index","follow":"follow","max-snippet":"max-snippet:-1","max-image-preview":"max-image-preview:large","max-video-preview":"max-video-preview:-1"},"canonical":"https:\/\/civilcare.se\/en\/presentkort-inlosen\/","og_locale":"en_GB","og_type":"article","og_title":"presentkort inl\u00f6sen - Civil Care","og_description":"Grattis till ditt presentkort &#8211; h\u00e4r l\u00f6ser du in det Vi hoppas att v\u00e5ra tj\u00e4nster har gett dig gl\u00e4dje och [&hellip;]","og_url":"https:\/\/civilcare.se\/en\/presentkort-inlosen\/","og_site_name":"Civil Care","article_modified_time":"2021-12-19T14:01:55+00:00","twitter_card":"summary_large_image","twitter_misc":{"Estimated reading time":"1 minute"},"schema":{"@context":"https:\/\/schema.org","@graph":[{"@type":"WebPage","@id":"https:\/\/civilcare.se\/presentkort-inlosen\/","url":"https:\/\/civilcare.se\/presentkort-inlosen\/","name":"presentkort inl\u00f6sen - Civil Care","isPartOf":{"@id":"https:\/\/civilcare.se\/#website"},"datePublished":"2021-12-05T21:48:11+00:00","dateModified":"2021-12-19T14:01:55+00:00","breadcrumb":{"@id":"https:\/\/civilcare.se\/presentkort-inlosen\/#breadcrumb"},"inLanguage":"en-GB","potentialAction":[{"@type":"ReadAction","target":["https:\/\/civilcare.se\/presentkort-inlosen\/"]}]},{"@type":"BreadcrumbList","@id":"https:\/\/civilcare.se\/presentkort-inlosen\/#breadcrumb","itemListElement":[{"@type":"ListItem","position":1,"name":"Hem","item":"https:\/\/civilcare.se\/"},{"@type":"ListItem","position":2,"name":"presentkort inl\u00f6sen"}]},{"@type":"WebSite","@id":"https:\/\/civilcare.se\/#website","url":"https:\/\/civilcare.se\/","name":"Civil Care","description":"V\u00e5r hemtj\u00e4nst - Din trygghet","publisher":{"@id":"https:\/\/civilcare.se\/#organization"},"potentialAction":[{"@type":"SearchAction","target":{"@type":"EntryPoint","urlTemplate":"https:\/\/civilcare.se\/?s={search_term_string}"},"query-input":{"@type":"PropertyValueSpecification","valueRequired":true,"valueName":"search_term_string"}}],"inLanguage":"en-GB"},{"@type":"Organization","@id":"https:\/\/civilcare.se\/#organization","name":"Civil Care","url":"https:\/\/civilcare.se\/","logo":{"@type":"ImageObject","inLanguage":"en-GB","@id":"https:\/\/civilcare.se\/#\/schema\/logo\/image\/","url":"https:\/\/civilcare.se\/wp-content\/uploads\/2021\/06\/civilcare_logo_no_text.png","contentUrl":"https:\/\/civilcare.se\/wp-content\/uploads\/2021\/06\/civilcare_logo_no_text.png","width":558,"height":116,"caption":"Civil Care"},"image":{"@id":"https:\/\/civilcare.se\/#\/schema\/logo\/image\/"}}]}},"_links":{"self":[{"href":"https:\/\/civilcare.se\/en\/wp-json\/wp\/v2\/pages\/1322","targetHints":{"allow":["GET"]}}],"collection":[{"href":"https:\/\/civilcare.se\/en\/wp-json\/wp\/v2\/pages"}],"about":[{"href":"https:\/\/civilcare.se\/en\/wp-json\/wp\/v2\/types\/page"}],"author":[{"embeddable":true,"href":"https:\/\/civilcare.se\/en\/wp-json\/wp\/v2\/users\/1"}],"replies":[{"embeddable":true,"href":"https:\/\/civilcare.se\/en\/wp-json\/wp\/v2\/comments?post=1322"}],"version-history":[{"count":10,"href":"https:\/\/civilcare.se\/en\/wp-json\/wp\/v2\/pages\/1322\/revisions"}],"predecessor-version":[{"id":1412,"href":"https:\/\/civilcare.se\/en\/wp-json\/wp\/v2\/pages\/1322\/revisions\/1412"}],"wp:attachment":[{"href":"https:\/\/civilcare.se\/en\/wp-json\/wp\/v2\/media?parent=1322"}],"curies":[{"name":"wp","href":"https:\/\/api.w.org\/{rel}","templated":true}]}}