{"id":53,"date":"2021-06-12T13:23:12","date_gmt":"2021-06-12T13:23:12","guid":{"rendered":"http:\/\/civilcare.se.loopiadns.com\/?page_id=53"},"modified":"2023-03-16T08:22:18","modified_gmt":"2023-03-16T08:22:18","slug":"anhoriga","status":"publish","type":"page","link":"https:\/\/civilcare.se\/en\/anhoriga\/","title":{"rendered":"Relatives"},"content":{"rendered":"<div data-elementor-type=\"wp-page\" data-elementor-id=\"53\" class=\"elementor elementor-53\" data-elementor-post-type=\"page\">\n\t\t\t\t\t\t<section class=\"elementor-section elementor-top-section elementor-element elementor-element-6d507e5 elementor-section-boxed elementor-section-height-default elementor-section-height-default\" data-id=\"6d507e5\" data-element_type=\"section\" data-settings=\"{&quot;background_background&quot;:&quot;classic&quot;}\">\n\t\t\t\t\t\t<div class=\"elementor-container elementor-column-gap-default\">\n\t\t\t\t\t<div class=\"elementor-column elementor-col-100 elementor-top-column elementor-element elementor-element-2757c03\" data-id=\"2757c03\" data-element_type=\"column\">\n\t\t\t<div class=\"elementor-widget-wrap elementor-element-populated\">\n\t\t\t\t\t\t<section class=\"elementor-section elementor-inner-section elementor-element elementor-element-42d8961 elementor-section-boxed elementor-section-height-default elementor-section-height-default\" data-id=\"42d8961\" data-element_type=\"section\">\n\t\t\t\t\t\t<div class=\"elementor-container elementor-column-gap-default\">\n\t\t\t\t\t<div class=\"elementor-column elementor-col-100 elementor-inner-column elementor-element elementor-element-5a00947\" data-id=\"5a00947\" data-element_type=\"column\">\n\t\t\t<div class=\"elementor-widget-wrap elementor-element-populated\">\n\t\t\t\t\t\t<div class=\"elementor-element elementor-element-2b67646 single-page-text elementor-widget elementor-widget-text-editor\" data-id=\"2b67646\" data-element_type=\"widget\" data-widget_type=\"text-editor.default\">\n\t\t\t\t<div class=\"elementor-widget-container\">\n\t\t\t\t\t\t\t<p><strong>To see when one&#039;s relative can no longer cope with everyday life as before is often difficult and the stress increases to be helpful to them. We at Civil Care want you to continue to have contact with your relatives as early as possible and based on quality time together.<\/strong><\/p><p>We help you with the care and concern part so that your relative&#039;s everyday life will reflect. We usually say that 70% of the home care is to facilitate and help the home care recipient, while 30% aims to facilitate and help relatives.<\/p>\t\t\t\t\t\t<\/div>\n\t\t\t\t<\/div>\n\t\t\t\t<div class=\"elementor-element elementor-element-0eaf9fd single-page-text elementor-widget elementor-widget-text-editor\" data-id=\"0eaf9fd\" data-element_type=\"widget\" data-widget_type=\"text-editor.default\">\n\t\t\t\t<div class=\"elementor-widget-container\">\n\t\t\t\t\t\t\t<p>Familiarizing yourself with and understanding how home care works and how you proceed in the beginning can often be experienced as a jungle. For us at Civil Care, it is important that you should be able to get help, support and guidance in home care matters. Contact us today, and we will answer your questions about home care and Civil Care and help you in the process around home care.<\/p><p>We want you as a relative to know that all questions are welcome and that you should feel safe with Civil Care as a home care provider for your relative. We want to be able to develop together with our customers and relatives. It is therefore important that we hear your views about us!<\/p>\t\t\t\t\t\t<\/div>\n\t\t\t\t<\/div>\n\t\t\t\t\t<\/div>\n\t\t<\/div>\n\t\t\t\t\t<\/div>\n\t\t<\/section>\n\t\t\t\t\t<\/div>\n\t\t<\/div>\n\t\t\t\t\t<\/div>\n\t\t<\/section>\n\t\t\t\t<section class=\"elementor-section elementor-top-section elementor-element elementor-element-653ed4b elementor-section-boxed elementor-section-height-default elementor-section-height-default\" data-id=\"653ed4b\" data-element_type=\"section\" data-settings=\"{&quot;background_background&quot;:&quot;classic&quot;}\">\n\t\t\t\t\t\t<div class=\"elementor-container elementor-column-gap-default\">\n\t\t\t\t\t<div class=\"elementor-column elementor-col-100 elementor-top-column elementor-element elementor-element-8cbb732\" data-id=\"8cbb732\" data-element_type=\"column\">\n\t\t\t<div class=\"elementor-widget-wrap elementor-element-populated\">\n\t\t\t\t\t\t<section class=\"elementor-section elementor-inner-section elementor-element elementor-element-d660e87 elementor-section-boxed elementor-section-height-default elementor-section-height-default\" data-id=\"d660e87\" data-element_type=\"section\">\n\t\t\t\t\t\t<div class=\"elementor-container elementor-column-gap-default\">\n\t\t\t\t\t<div class=\"elementor-column elementor-col-50 elementor-inner-column elementor-element elementor-element-1e35168\" data-id=\"1e35168\" data-element_type=\"column\">\n\t\t\t<div class=\"elementor-widget-wrap elementor-element-populated\">\n\t\t\t\t\t\t<div class=\"elementor-element elementor-element-6227d55 elementor-widget elementor-widget-heading\" data-id=\"6227d55\" data-element_type=\"widget\" data-widget_type=\"heading.default\">\n\t\t\t\t<div class=\"elementor-widget-container\">\n\t\t\t<h2 class=\"elementor-heading-title elementor-size-default\">You get the support you need from us<\/h2>\t\t<\/div>\n\t\t\t\t<\/div>\n\t\t\t\t<div class=\"elementor-element elementor-element-d0fa1b5 elementor-widget elementor-widget-text-editor\" data-id=\"d0fa1b5\" data-element_type=\"widget\" data-widget_type=\"text-editor.default\">\n\t\t\t\t<div class=\"elementor-widget-container\">\n\t\t\t\t\t\t\t<p>You are always welcome with us at Civil Care!<\/p>\t\t\t\t\t\t<\/div>\n\t\t\t\t<\/div>\n\t\t\t\t\t<\/div>\n\t\t<\/div>\n\t\t\t\t<div class=\"elementor-column elementor-col-50 elementor-inner-column elementor-element elementor-element-d9f928d\" data-id=\"d9f928d\" data-element_type=\"column\">\n\t\t\t<div class=\"elementor-widget-wrap elementor-element-populated\">\n\t\t\t\t\t\t<div class=\"elementor-element elementor-element-9dbe852 elementor-align-center elementor-widget elementor-widget-button\" data-id=\"9dbe852\" data-element_type=\"widget\" data-widget_type=\"button.default\">\n\t\t\t\t<div class=\"elementor-widget-container\">\n\t\t\t\t\t<div class=\"elementor-button-wrapper\">\n\t\t\t<a class=\"elementor-button elementor-button-link elementor-size-lg\" href=\"https:\/\/civilcare.se\/en\/kontakt\/\">\n\t\t\t\t\t\t<span class=\"elementor-button-content-wrapper\">\n\t\t\t\t\t\t<span class=\"elementor-button-icon\">\n\t\t\t\t<i aria-hidden=\"true\" class=\"fas fa-arrow-right\"><\/i>\t\t\t<\/span>\n\t\t\t\t\t\t\t\t\t<span class=\"elementor-button-text\">Contact Us<\/span>\n\t\t\t\t\t<\/span>\n\t\t\t\t\t<\/a>\n\t\t<\/div>\n\t\t\t\t<\/div>\n\t\t\t\t<\/div>\n\t\t\t\t\t<\/div>\n\t\t<\/div>\n\t\t\t\t\t<\/div>\n\t\t<\/section>\n\t\t\t\t\t<\/div>\n\t\t<\/div>\n\t\t\t\t\t<\/div>\n\t\t<\/section>\n\t\t\t\t<\/div>","protected":false},"excerpt":{"rendered":"<p>To see when one&#039;s relative can no longer cope with everyday life as before is often difficult and the stress increases to be [\u2026]<\/p>","protected":false},"author":1,"featured_media":504,"parent":0,"menu_order":0,"comment_status":"closed","ping_status":"closed","template":"","meta":{"site-sidebar-layout":"no-sidebar","site-content-layout":"page-builder","ast-site-content-layout":"","site-content-style":"default","site-sidebar-style":"default","ast-global-header-display":"","ast-banner-title-visibility":"","ast-main-header-display":"","ast-hfb-above-header-display":"","ast-hfb-below-header-display":"","ast-hfb-mobile-header-display":"","site-post-title":"disabled","ast-breadcrumbs-content":"","ast-featured-img":"disabled","footer-sml-layout":"","theme-transparent-header-meta":"default","adv-header-id-meta":"","stick-header-meta":"default","header-above-stick-meta":"","header-main-stick-meta":"","header-below-stick-meta":"","astra-migrate-meta-layouts":"default","ast-page-background-enabled":"default","ast-page-background-meta":{"desktop":{"background-color":"","background-image":"","background-repeat":"repeat","background-position":"center center","background-size":"auto","background-attachment":"scroll","background-type":"","background-media":"","overlay-type":"","overlay-color":"","overlay-opacity":"","overlay-gradient":""},"tablet":{"background-color":"","background-image":"","background-repeat":"repeat","background-position":"center center","background-size":"auto","background-attachment":"scroll","background-type":"","background-media":"","overlay-type":"","overlay-color":"","overlay-opacity":"","overlay-gradient":""},"mobile":{"background-color":"","background-image":"","background-repeat":"repeat","background-position":"center center","background-size":"auto","background-attachment":"scroll","background-type":"","background-media":"","overlay-type":"","overlay-color":"","overlay-opacity":"","overlay-gradient":""}},"ast-content-background-meta":{"desktop":{"background-color":"var(--ast-global-color-5)","background-image":"","background-repeat":"repeat","background-position":"center center","background-size":"auto","background-attachment":"scroll","background-type":"","background-media":"","overlay-type":"","overlay-color":"","overlay-opacity":"","overlay-gradient":""},"tablet":{"background-color":"var(--ast-global-color-5)","background-image":"","background-repeat":"repeat","background-position":"center center","background-size":"auto","background-attachment":"scroll","background-type":"","background-media":"","overlay-type":"","overlay-color":"","overlay-opacity":"","overlay-gradient":""},"mobile":{"background-color":"var(--ast-global-color-5)","background-image":"","background-repeat":"repeat","background-position":"center center","background-size":"auto","background-attachment":"scroll","background-type":"","background-media":"","overlay-type":"","overlay-color":"","overlay-opacity":"","overlay-gradient":""}},"footnotes":""},"class_list":["post-53","page","type-page","status-publish","has-post-thumbnail","hentry"],"yoast_head":"<!-- This site is optimized with the Yoast SEO plugin v23.5 - https:\/\/yoast.com\/wordpress\/plugins\/seo\/ -->\n<title>Anh\u00f6riga - Civil Care<\/title>\n<meta name=\"robots\" content=\"index, follow, max-snippet:-1, max-image-preview:large, max-video-preview:-1\" \/>\n<link rel=\"canonical\" href=\"https:\/\/civilcare.se\/en\/anhoriga\/\" \/>\n<meta property=\"og:locale\" content=\"en_GB\" \/>\n<meta property=\"og:type\" content=\"article\" \/>\n<meta property=\"og:title\" content=\"Anh\u00f6riga - Civil Care\" \/>\n<meta property=\"og:description\" content=\"Att se n\u00e4r sin(a) anh\u00f6rig(a) inte l\u00e4ngre klara vardagen som tidigare, \u00e4r m\u00e5nga g\u00e5nger jobbigt och stressen \u00f6kar att vara [&hellip;]\" \/>\n<meta property=\"og:url\" content=\"https:\/\/civilcare.se\/en\/anhoriga\/\" \/>\n<meta property=\"og:site_name\" content=\"Civil Care\" \/>\n<meta property=\"article:modified_time\" content=\"2023-03-16T08:22:18+00:00\" \/>\n<meta property=\"og:image\" content=\"https:\/\/civilcare.se\/wp-content\/uploads\/2021\/06\/cc_hp_2_narstaende_anhorig_2-e1624195740335.jpg\" \/>\n\t<meta property=\"og:image:width\" content=\"1000\" \/>\n\t<meta property=\"og:image:height\" content=\"341\" \/>\n\t<meta property=\"og:image:type\" content=\"image\/jpeg\" \/>\n<meta name=\"twitter:card\" content=\"summary_large_image\" \/>\n<meta name=\"twitter:label1\" content=\"Estimated reading time\" \/>\n\t<meta name=\"twitter:data1\" content=\"1 minute\" \/>\n<script type=\"application\/ld+json\" class=\"yoast-schema-graph\">{\"@context\":\"https:\/\/schema.org\",\"@graph\":[{\"@type\":\"WebPage\",\"@id\":\"https:\/\/civilcare.se\/en\/anhoriga\/\",\"url\":\"https:\/\/civilcare.se\/en\/anhoriga\/\",\"name\":\"Anh\u00f6riga - Civil Care\",\"isPartOf\":{\"@id\":\"https:\/\/civilcare.se\/#website\"},\"primaryImageOfPage\":{\"@id\":\"https:\/\/civilcare.se\/en\/anhoriga\/#primaryimage\"},\"image\":{\"@id\":\"https:\/\/civilcare.se\/en\/anhoriga\/#primaryimage\"},\"thumbnailUrl\":\"https:\/\/civilcare.se\/wp-content\/uploads\/2021\/06\/cc_hp_2_narstaende_anhorig_2-e1624195740335.jpg\",\"datePublished\":\"2021-06-12T13:23:12+00:00\",\"dateModified\":\"2023-03-16T08:22:18+00:00\",\"breadcrumb\":{\"@id\":\"https:\/\/civilcare.se\/en\/anhoriga\/#breadcrumb\"},\"inLanguage\":\"en-GB\",\"potentialAction\":[{\"@type\":\"ReadAction\",\"target\":[\"https:\/\/civilcare.se\/en\/anhoriga\/\"]}]},{\"@type\":\"ImageObject\",\"inLanguage\":\"en-GB\",\"@id\":\"https:\/\/civilcare.se\/en\/anhoriga\/#primaryimage\",\"url\":\"https:\/\/civilcare.se\/wp-content\/uploads\/2021\/06\/cc_hp_2_narstaende_anhorig_2-e1624195740335.jpg\",\"contentUrl\":\"https:\/\/civilcare.se\/wp-content\/uploads\/2021\/06\/cc_hp_2_narstaende_anhorig_2-e1624195740335.jpg\",\"width\":1000,\"height\":341},{\"@type\":\"BreadcrumbList\",\"@id\":\"https:\/\/civilcare.se\/en\/anhoriga\/#breadcrumb\",\"itemListElement\":[{\"@type\":\"ListItem\",\"position\":1,\"name\":\"Hem\",\"item\":\"https:\/\/civilcare.se\/\"},{\"@type\":\"ListItem\",\"position\":2,\"name\":\"Anh\u00f6riga\"}]},{\"@type\":\"WebSite\",\"@id\":\"https:\/\/civilcare.se\/#website\",\"url\":\"https:\/\/civilcare.se\/\",\"name\":\"Civil Care\",\"description\":\"V\u00e5r hemtj\u00e4nst - Din trygghet\",\"publisher\":{\"@id\":\"https:\/\/civilcare.se\/#organization\"},\"potentialAction\":[{\"@type\":\"SearchAction\",\"target\":{\"@type\":\"EntryPoint\",\"urlTemplate\":\"https:\/\/civilcare.se\/?s={search_term_string}\"},\"query-input\":{\"@type\":\"PropertyValueSpecification\",\"valueRequired\":true,\"valueName\":\"search_term_string\"}}],\"inLanguage\":\"en-GB\"},{\"@type\":\"Organization\",\"@id\":\"https:\/\/civilcare.se\/#organization\",\"name\":\"Civil Care\",\"url\":\"https:\/\/civilcare.se\/\",\"logo\":{\"@type\":\"ImageObject\",\"inLanguage\":\"en-GB\",\"@id\":\"https:\/\/civilcare.se\/#\/schema\/logo\/image\/\",\"url\":\"https:\/\/civilcare.se\/wp-content\/uploads\/2021\/06\/civilcare_logo_no_text.png\",\"contentUrl\":\"https:\/\/civilcare.se\/wp-content\/uploads\/2021\/06\/civilcare_logo_no_text.png\",\"width\":558,\"height\":116,\"caption\":\"Civil Care\"},\"image\":{\"@id\":\"https:\/\/civilcare.se\/#\/schema\/logo\/image\/\"}}]}<\/script>\n<!-- \/ Yoast SEO plugin. -->","yoast_head_json":{"title":"Anh\u00f6riga - Civil Care","robots":{"index":"index","follow":"follow","max-snippet":"max-snippet:-1","max-image-preview":"max-image-preview:large","max-video-preview":"max-video-preview:-1"},"canonical":"https:\/\/civilcare.se\/en\/anhoriga\/","og_locale":"en_GB","og_type":"article","og_title":"Anh\u00f6riga - Civil Care","og_description":"Att se n\u00e4r sin(a) anh\u00f6rig(a) inte l\u00e4ngre klara vardagen som tidigare, \u00e4r m\u00e5nga g\u00e5nger jobbigt och stressen \u00f6kar att vara [&hellip;]","og_url":"https:\/\/civilcare.se\/en\/anhoriga\/","og_site_name":"Civil Care","article_modified_time":"2023-03-16T08:22:18+00:00","og_image":[{"width":1000,"height":341,"url":"https:\/\/civilcare.se\/wp-content\/uploads\/2021\/06\/cc_hp_2_narstaende_anhorig_2-e1624195740335.jpg","type":"image\/jpeg"}],"twitter_card":"summary_large_image","twitter_misc":{"Estimated reading time":"1 minute"},"schema":{"@context":"https:\/\/schema.org","@graph":[{"@type":"WebPage","@id":"https:\/\/civilcare.se\/en\/anhoriga\/","url":"https:\/\/civilcare.se\/en\/anhoriga\/","name":"Anh\u00f6riga - Civil Care","isPartOf":{"@id":"https:\/\/civilcare.se\/#website"},"primaryImageOfPage":{"@id":"https:\/\/civilcare.se\/en\/anhoriga\/#primaryimage"},"image":{"@id":"https:\/\/civilcare.se\/en\/anhoriga\/#primaryimage"},"thumbnailUrl":"https:\/\/civilcare.se\/wp-content\/uploads\/2021\/06\/cc_hp_2_narstaende_anhorig_2-e1624195740335.jpg","datePublished":"2021-06-12T13:23:12+00:00","dateModified":"2023-03-16T08:22:18+00:00","breadcrumb":{"@id":"https:\/\/civilcare.se\/en\/anhoriga\/#breadcrumb"},"inLanguage":"en-GB","potentialAction":[{"@type":"ReadAction","target":["https:\/\/civilcare.se\/en\/anhoriga\/"]}]},{"@type":"ImageObject","inLanguage":"en-GB","@id":"https:\/\/civilcare.se\/en\/anhoriga\/#primaryimage","url":"https:\/\/civilcare.se\/wp-content\/uploads\/2021\/06\/cc_hp_2_narstaende_anhorig_2-e1624195740335.jpg","contentUrl":"https:\/\/civilcare.se\/wp-content\/uploads\/2021\/06\/cc_hp_2_narstaende_anhorig_2-e1624195740335.jpg","width":1000,"height":341},{"@type":"BreadcrumbList","@id":"https:\/\/civilcare.se\/en\/anhoriga\/#breadcrumb","itemListElement":[{"@type":"ListItem","position":1,"name":"Hem","item":"https:\/\/civilcare.se\/"},{"@type":"ListItem","position":2,"name":"Anh\u00f6riga"}]},{"@type":"WebSite","@id":"https:\/\/civilcare.se\/#website","url":"https:\/\/civilcare.se\/","name":"Civil Care","description":"V\u00e5r hemtj\u00e4nst - Din trygghet","publisher":{"@id":"https:\/\/civilcare.se\/#organization"},"potentialAction":[{"@type":"SearchAction","target":{"@type":"EntryPoint","urlTemplate":"https:\/\/civilcare.se\/?s={search_term_string}"},"query-input":{"@type":"PropertyValueSpecification","valueRequired":true,"valueName":"search_term_string"}}],"inLanguage":"en-GB"},{"@type":"Organization","@id":"https:\/\/civilcare.se\/#organization","name":"Civil Care","url":"https:\/\/civilcare.se\/","logo":{"@type":"ImageObject","inLanguage":"en-GB","@id":"https:\/\/civilcare.se\/#\/schema\/logo\/image\/","url":"https:\/\/civilcare.se\/wp-content\/uploads\/2021\/06\/civilcare_logo_no_text.png","contentUrl":"https:\/\/civilcare.se\/wp-content\/uploads\/2021\/06\/civilcare_logo_no_text.png","width":558,"height":116,"caption":"Civil Care"},"image":{"@id":"https:\/\/civilcare.se\/#\/schema\/logo\/image\/"}}]}},"_links":{"self":[{"href":"https:\/\/civilcare.se\/en\/wp-json\/wp\/v2\/pages\/53","targetHints":{"allow":["GET"]}}],"collection":[{"href":"https:\/\/civilcare.se\/en\/wp-json\/wp\/v2\/pages"}],"about":[{"href":"https:\/\/civilcare.se\/en\/wp-json\/wp\/v2\/types\/page"}],"author":[{"embeddable":true,"href":"https:\/\/civilcare.se\/en\/wp-json\/wp\/v2\/users\/1"}],"replies":[{"embeddable":true,"href":"https:\/\/civilcare.se\/en\/wp-json\/wp\/v2\/comments?post=53"}],"version-history":[{"count":23,"href":"https:\/\/civilcare.se\/en\/wp-json\/wp\/v2\/pages\/53\/revisions"}],"predecessor-version":[{"id":5247,"href":"https:\/\/civilcare.se\/en\/wp-json\/wp\/v2\/pages\/53\/revisions\/5247"}],"wp:featuredmedia":[{"embeddable":true,"href":"https:\/\/civilcare.se\/en\/wp-json\/wp\/v2\/media\/504"}],"wp:attachment":[{"href":"https:\/\/civilcare.se\/en\/wp-json\/wp\/v2\/media?parent=53"}],"curies":[{"name":"wp","href":"https:\/\/api.w.org\/{rel}","templated":true}]}}